{"id":2774,"date":"2021-10-31T22:21:43","date_gmt":"2021-10-31T22:21:43","guid":{"rendered":"https:\/\/everfondly.qodeinteractive.com\/?page_id=2774"},"modified":"2025-11-22T02:17:21","modified_gmt":"2025-11-22T02:17:21","slug":"wedding-gallery-in-portugal","status":"publish","type":"page","link":"https:\/\/quintacasadaadega.com\/en\/wedding-gallery-in-portugal\/","title":{"rendered":"Wedding Gallery"},"content":{"rendered":"<div data-elementor-type=\"wp-page\" data-elementor-id=\"2774\" class=\"elementor elementor-2774\">\n\t\t\t\t\t\t<section class=\"elementor-section elementor-top-section elementor-element elementor-element-ae8aa40 qodef-elementor-content-grid elementor-section-boxed elementor-section-height-default elementor-section-height-default qodef-elementor-back-btn-skin-default\" data-id=\"ae8aa40\" data-element_type=\"section\" data-e-type=\"section\">\n\t\t\t\t\t\t<div class=\"elementor-container elementor-column-gap-default\">\n\t\t\t\t\t<div class=\"elementor-column elementor-col-100 elementor-top-column elementor-element elementor-element-2e182a4\" data-id=\"2e182a4\" data-element_type=\"column\" data-e-type=\"column\">\n\t\t\t<div class=\"elementor-widget-wrap elementor-element-populated\">\n\t\t\t\t\t\t<div class=\"elementor-element elementor-element-6e8aa7d elementor-widget elementor-widget-everfondly_core_portfolio_list\" data-id=\"6e8aa7d\" data-element_type=\"widget\" data-e-type=\"widget\" data-widget_type=\"everfondly_core_portfolio_list.default\">\n\t\t\t\t<div class=\"elementor-widget-container\">\n\t\t\t\t\t<div class=\"qodef-shortcode qodef-m qodef-portfolio-list qodef-item-layout--info-below-visible qodef-follow-hide-category--yes qodef-grid qodef-layout--columns qodef-gutter--normal qodef-col-num--3 qodef-item-layout--info-below-visible qodef--no-bottom-space qodef-pagination--off qodef-responsive--custom qodef-col-num--1440--3 qodef-col-num--1366--3 qodef-col-num--1024--2 qodef-col-num--768--2 qodef-col-num--680--1 qodef-col-num--480--1 qodef-swiper-pagination--on\" data-options=\"{&quot;plugin&quot;:&quot;everfondly_core&quot;,&quot;module&quot;:&quot;post-types\\\/portfolio\\\/shortcodes&quot;,&quot;shortcode&quot;:&quot;portfolio-list&quot;,&quot;post_type&quot;:&quot;portfolio-item&quot;,&quot;next_page&quot;:&quot;2&quot;,&quot;max_pages_num&quot;:1,&quot;behavior&quot;:&quot;columns&quot;,&quot;images_proportion&quot;:&quot;full&quot;,&quot;columns&quot;:&quot;3&quot;,&quot;columns_responsive&quot;:&quot;custom&quot;,&quot;columns_1440&quot;:&quot;3&quot;,&quot;columns_1366&quot;:&quot;3&quot;,&quot;columns_1024&quot;:&quot;2&quot;,&quot;columns_768&quot;:&quot;2&quot;,&quot;columns_680&quot;:&quot;1&quot;,&quot;columns_480&quot;:&quot;1&quot;,&quot;space&quot;:&quot;normal&quot;,&quot;posts_per_page&quot;:&quot;12&quot;,&quot;orderby&quot;:&quot;name&quot;,&quot;order&quot;:&quot;ASC&quot;,&quot;layout&quot;:&quot;info-below-visible&quot;,&quot;hover_animation_info-below&quot;:&quot;overlay&quot;,&quot;hover_animation_info-follow&quot;:&quot;follow&quot;,&quot;hover_animation_info-on-hover&quot;:&quot;fade-in&quot;,&quot;title_tag&quot;:&quot;h3&quot;,&quot;text_transform&quot;:&quot;uppercase&quot;,&quot;enable_article_animation&quot;:&quot;no&quot;,&quot;custom_margin&quot;:&quot;no&quot;,&quot;pagination_type&quot;:&quot;no-pagination&quot;,&quot;info_follow_hide_category&quot;:&quot;yes&quot;,&quot;object_class_name&quot;:&quot;EverFondlyCore_Portfolio_List_Shortcode&quot;,&quot;taxonomy_filter&quot;:&quot;portfolio-category&quot;,&quot;additional_query_args&quot;:[],&quot;space_value&quot;:15}\">\n\t\t<div class=\"qodef-grid-inner clear\">\n\t\t<article class=\"qodef-e qodef-grid-item qodef-item--full post-2781 portfolio-item type-portfolio-item status-publish has-post-thumbnail hentry portfolio-category-servicos\">\n\t<div class=\"qodef-e-inner\">\n\t\t<div class=\"qodef-e-image\" >\n\t\t\t\t<div class=\"qodef-e-media-image\">\n\t\t<a itemprop=\"url\" href=\"https:\/\/quintacasadaadega.com\/en\/servico\/weeding\/table-decoration\/\" target=\"_self\">\n\t\t\t<img fetchpriority=\"high\" decoding=\"async\" width=\"2048\" height=\"1365\" src=\"https:\/\/quintacasadaadega.com\/wp-content\/uploads\/2024\/06\/Decor9maio2024-CasadaAdega-335-1.jpg\" class=\"attachment-full size-full wp-post-image\" alt=\"Mesa Decorativa de Casamento- Quinta Casa da Adega-Mafra-Gradil-Portugal\" srcset=\"https:\/\/quintacasadaadega.com\/wp-content\/uploads\/2024\/06\/Decor9maio2024-CasadaAdega-335-1.jpg 2048w, https:\/\/quintacasadaadega.com\/wp-content\/uploads\/2024\/06\/Decor9maio2024-CasadaAdega-335-1-300x200.jpg 300w, https:\/\/quintacasadaadega.com\/wp-content\/uploads\/2024\/06\/Decor9maio2024-CasadaAdega-335-1-1024x683.jpg 1024w, https:\/\/quintacasadaadega.com\/wp-content\/uploads\/2024\/06\/Decor9maio2024-CasadaAdega-335-1-768x512.jpg 768w, https:\/\/quintacasadaadega.com\/wp-content\/uploads\/2024\/06\/Decor9maio2024-CasadaAdega-335-1-1536x1024.jpg 1536w\" sizes=\"(max-width: 2048px) 100vw, 2048px\" \/>\t\t<\/a>\n\t<\/div>\n\t\t<\/div>\n\t\t<div class=\"qodef-e-content\" >\n\t\t\t<div class=\"qodef-e-text\">\n\t\t\t\t<h3 itemprop=\"name\" class=\"qodef-e-title entry-title\" style=\"text-transform: uppercase\">\n\t<a itemprop=\"url\" class=\"qodef-e-title-link\" href=\"https:\/\/quintacasadaadega.com\/en\/servico\/weeding\/table-decoration\/\" target=\"_self\">\n\t\tThe decoration of the Tables\t<\/a>\n<\/h3>\n\t\t\t<\/div>\n\t\t\t<div class=\"qodef-e-top-holder\">\n\t\t\t\t<div class=\"qodef-e-info\">\n\t\t\t\t\t\t<a href=\"https:\/\/quintacasadaadega.com\/en\/category-3\/services\/\" rel=\"tag\">Services<\/a>\t<div class=\"qodef-info-separator-end\"><\/div>\n\t\t\t\t<\/div>\n\t\t\t<\/div>\n\t\t<\/div>\n\t<\/div>\n<\/article>\n<article class=\"qodef-e qodef-grid-item qodef-item--full post-3423 portfolio-item type-portfolio-item status-publish has-post-thumbnail hentry portfolio-category-servicos\">\n\t<div class=\"qodef-e-inner\">\n\t\t<div class=\"qodef-e-image\" >\n\t\t\t\t<div class=\"qodef-e-media-image\">\n\t\t<a itemprop=\"url\" href=\"https:\/\/quintacasadaadega.com\/en\/servico\/weeding\/floral-design\/\" target=\"_self\">\n\t\t\t<img decoding=\"async\" width=\"2499\" height=\"1667\" src=\"https:\/\/quintacasadaadega.com\/wp-content\/uploads\/2021\/11\/boho-52-1-1-1.jpg\" class=\"attachment-full size-full wp-post-image\" alt=\"\" srcset=\"https:\/\/quintacasadaadega.com\/wp-content\/uploads\/2021\/11\/boho-52-1-1-1.jpg 2499w, https:\/\/quintacasadaadega.com\/wp-content\/uploads\/2021\/11\/boho-52-1-1-1-300x200.jpg 300w, https:\/\/quintacasadaadega.com\/wp-content\/uploads\/2021\/11\/boho-52-1-1-1-1024x683.jpg 1024w, https:\/\/quintacasadaadega.com\/wp-content\/uploads\/2021\/11\/boho-52-1-1-1-768x512.jpg 768w, https:\/\/quintacasadaadega.com\/wp-content\/uploads\/2021\/11\/boho-52-1-1-1-1536x1025.jpg 1536w, https:\/\/quintacasadaadega.com\/wp-content\/uploads\/2021\/11\/boho-52-1-1-1-2048x1366.jpg 2048w\" sizes=\"(max-width: 2499px) 100vw, 2499px\" \/>\t\t<\/a>\n\t<\/div>\n\t\t<\/div>\n\t\t<div class=\"qodef-e-content\" >\n\t\t\t<div class=\"qodef-e-text\">\n\t\t\t\t<h3 itemprop=\"name\" class=\"qodef-e-title entry-title\" style=\"text-transform: uppercase\">\n\t<a itemprop=\"url\" class=\"qodef-e-title-link\" href=\"https:\/\/quintacasadaadega.com\/en\/servico\/weeding\/floral-design\/\" target=\"_self\">\n\t\tFloral Design\t<\/a>\n<\/h3>\n\t\t\t<\/div>\n\t\t\t<div class=\"qodef-e-top-holder\">\n\t\t\t\t<div class=\"qodef-e-info\">\n\t\t\t\t\t\t<a href=\"https:\/\/quintacasadaadega.com\/en\/category-3\/services\/\" rel=\"tag\">Services<\/a>\t<div class=\"qodef-info-separator-end\"><\/div>\n\t\t\t\t<\/div>\n\t\t\t<\/div>\n\t\t<\/div>\n\t<\/div>\n<\/article>\n<article class=\"qodef-e qodef-grid-item qodef-item--full post-3590 portfolio-item type-portfolio-item status-publish has-post-thumbnail hentry portfolio-category-servicos\">\n\t<div class=\"qodef-e-inner\">\n\t\t<div class=\"qodef-e-image\" >\n\t\t\t\t<div class=\"qodef-e-media-image\">\n\t\t<a itemprop=\"url\" href=\"https:\/\/quintacasadaadega.com\/en\/servico\/weeding\/specialized-team\/\" target=\"_self\">\n\t\t\t<img decoding=\"async\" width=\"2048\" height=\"1365\" src=\"https:\/\/quintacasadaadega.com\/wp-content\/uploads\/2021\/11\/EditorialQCasadaAdega20249Maio-170-1.jpg\" class=\"attachment-full size-full wp-post-image\" alt=\"\" srcset=\"https:\/\/quintacasadaadega.com\/wp-content\/uploads\/2021\/11\/EditorialQCasadaAdega20249Maio-170-1.jpg 2048w, https:\/\/quintacasadaadega.com\/wp-content\/uploads\/2021\/11\/EditorialQCasadaAdega20249Maio-170-1-300x200.jpg 300w, https:\/\/quintacasadaadega.com\/wp-content\/uploads\/2021\/11\/EditorialQCasadaAdega20249Maio-170-1-1024x683.jpg 1024w, https:\/\/quintacasadaadega.com\/wp-content\/uploads\/2021\/11\/EditorialQCasadaAdega20249Maio-170-1-768x512.jpg 768w, https:\/\/quintacasadaadega.com\/wp-content\/uploads\/2021\/11\/EditorialQCasadaAdega20249Maio-170-1-1536x1024.jpg 1536w\" sizes=\"(max-width: 2048px) 100vw, 2048px\" \/>\t\t<\/a>\n\t<\/div>\n\t\t<\/div>\n\t\t<div class=\"qodef-e-content\" >\n\t\t\t<div class=\"qodef-e-text\">\n\t\t\t\t<h3 itemprop=\"name\" class=\"qodef-e-title entry-title\" style=\"text-transform: uppercase\">\n\t<a itemprop=\"url\" class=\"qodef-e-title-link\" href=\"https:\/\/quintacasadaadega.com\/en\/servico\/weeding\/specialized-team\/\" target=\"_self\">\n\t\tExpert Team\t<\/a>\n<\/h3>\n\t\t\t<\/div>\n\t\t\t<div class=\"qodef-e-top-holder\">\n\t\t\t\t<div class=\"qodef-e-info\">\n\t\t\t\t\t\t<a href=\"https:\/\/quintacasadaadega.com\/en\/category-3\/services\/\" rel=\"tag\">Services<\/a>\t<div class=\"qodef-info-separator-end\"><\/div>\n\t\t\t\t<\/div>\n\t\t\t<\/div>\n\t\t<\/div>\n\t<\/div>\n<\/article>\n<article class=\"qodef-e qodef-grid-item qodef-item--full post-8466 portfolio-item type-portfolio-item status-publish has-post-thumbnail hentry portfolio-category-casamentos\">\n\t<div class=\"qodef-e-inner\">\n\t\t<div class=\"qodef-e-image\" >\n\t\t\t\t<div class=\"qodef-e-media-image\">\n\t\t<a itemprop=\"url\" href=\"https:\/\/quintacasadaadega.com\/en\/servico\/weeding\/larissa-daniel\/\" target=\"_self\">\n\t\t\t<img loading=\"lazy\" decoding=\"async\" width=\"1138\" height=\"738\" src=\"https:\/\/quintacasadaadega.com\/wp-content\/uploads\/2025\/09\/671797-1-1-1.jpg\" class=\"attachment-full size-full wp-post-image\" alt=\"\" srcset=\"https:\/\/quintacasadaadega.com\/wp-content\/uploads\/2025\/09\/671797-1-1-1.jpg 1138w, https:\/\/quintacasadaadega.com\/wp-content\/uploads\/2025\/09\/671797-1-1-1-300x195.jpg 300w, https:\/\/quintacasadaadega.com\/wp-content\/uploads\/2025\/09\/671797-1-1-1-1024x664.jpg 1024w, https:\/\/quintacasadaadega.com\/wp-content\/uploads\/2025\/09\/671797-1-1-1-768x498.jpg 768w, https:\/\/quintacasadaadega.com\/wp-content\/uploads\/2025\/09\/671797-1-1-1-18x12.jpg 18w\" sizes=\"(max-width: 1138px) 100vw, 1138px\" \/>\t\t<\/a>\n\t<\/div>\n\t\t<\/div>\n\t\t<div class=\"qodef-e-content\" >\n\t\t\t<div class=\"qodef-e-text\">\n\t\t\t\t<h3 itemprop=\"name\" class=\"qodef-e-title entry-title\" style=\"text-transform: uppercase\">\n\t<a itemprop=\"url\" class=\"qodef-e-title-link\" href=\"https:\/\/quintacasadaadega.com\/en\/servico\/weeding\/larissa-daniel\/\" target=\"_self\">\n\t\tLarissa &amp; Daniel's Wedding\t<\/a>\n<\/h3>\n\t\t\t<\/div>\n\t\t\t<div class=\"qodef-e-top-holder\">\n\t\t\t\t<div class=\"qodef-e-info\">\n\t\t\t\t\t\t<a href=\"https:\/\/quintacasadaadega.com\/en\/category-3\/weedings\/\" rel=\"tag\">Weddings<\/a>\t<div class=\"qodef-info-separator-end\"><\/div>\n\t\t\t\t<\/div>\n\t\t\t<\/div>\n\t\t<\/div>\n\t<\/div>\n<\/article>\n\t<\/div>\n\t<\/div>\n\t\t\t\t<\/div>\n\t\t\t\t<\/div>\n\t\t\t\t\t<\/div>\n\t\t<\/div>\n\t\t\t\t\t<\/div>\n\t\t<\/section>\n\t\t\t\t<\/div>","protected":false},"excerpt":{"rendered":"<p>Casamento Dani &#038; F\u00e1bio Casamentos Casamento Joana &#038; Pedro Casamentos Decora\u00e7\u00e3o de Mesas Servi\u00e7os Design Floral Servi\u00e7os Equipa Especializada Servi\u00e7os Prepara\u00e7\u00e3o da Noiva Servi\u00e7os<\/p>","protected":false},"author":1,"featured_media":7469,"parent":0,"menu_order":0,"comment_status":"closed","ping_status":"closed","template":"","meta":{"footnotes":""},"class_list":["post-2774","page","type-page","status-publish","has-post-thumbnail","hentry"],"_links":{"self":[{"href":"https:\/\/quintacasadaadega.com\/en\/wp-json\/wp\/v2\/pages\/2774","targetHints":{"allow":["GET"]}}],"collection":[{"href":"https:\/\/quintacasadaadega.com\/en\/wp-json\/wp\/v2\/pages"}],"about":[{"href":"https:\/\/quintacasadaadega.com\/en\/wp-json\/wp\/v2\/types\/page"}],"author":[{"embeddable":true,"href":"https:\/\/quintacasadaadega.com\/en\/wp-json\/wp\/v2\/users\/1"}],"replies":[{"embeddable":true,"href":"https:\/\/quintacasadaadega.com\/en\/wp-json\/wp\/v2\/comments?post=2774"}],"version-history":[{"count":1,"href":"https:\/\/quintacasadaadega.com\/en\/wp-json\/wp\/v2\/pages\/2774\/revisions"}],"predecessor-version":[{"id":9908,"href":"https:\/\/quintacasadaadega.com\/en\/wp-json\/wp\/v2\/pages\/2774\/revisions\/9908"}],"wp:featuredmedia":[{"embeddable":true,"href":"https:\/\/quintacasadaadega.com\/en\/wp-json\/wp\/v2\/media\/7469"}],"wp:attachment":[{"href":"https:\/\/quintacasadaadega.com\/en\/wp-json\/wp\/v2\/media?parent=2774"}],"curies":[{"name":"wp","href":"https:\/\/api.w.org\/{rel}","templated":true}]}}